{"id":112,"date":"2025-03-09T07:44:33","date_gmt":"2025-03-09T06:44:33","guid":{"rendered":"https:\/\/shop.zigacekjan.cz\/?page_id=112"},"modified":"2025-03-09T07:50:41","modified_gmt":"2025-03-09T06:50:41","slug":"doprava","status":"publish","type":"page","link":"https:\/\/www.zigacekjan.cz\/index.php\/doprava\/","title":{"rendered":"Doprava"},"content":{"rendered":"<div id=\"cs-content\" class=\"cs-content\"><div class=\"x-section e112-e1 m34-0\"><div class=\"x-row x-container max width e112-e2 m34-1 m34-2\"><div class=\"x-row-inner\"><div class=\"x-col e112-e3 m34-3\"><div class=\"x-text x-text-headline e112-e4 m34-4 m34-5\"><div class=\"x-text-content\"><div class=\"x-text-content-text\"><h1 class=\"x-text-content-text-primary\">Doprava<\/h1>\n<\/div><\/div><\/div><div class=\"x-text x-text-headline e112-e5 m34-4 m34-6\"><div class=\"x-text-content\"><div class=\"x-text-content-text\"><h2 class=\"x-text-content-text-primary\">Z\u00e1silkovna<\/h2>\n<\/div><\/div><\/div><div class=\"x-text x-content e112-e6 m34-7\"><div>Cena 49 K\u010d. Z&aacute;silkovna doru\u010d&iacute; bal&iacute;k na nejbli\u017e&scaron;&iacute; pobo\u010dku v&aacute;mi zvolen&eacute; adresy. O cel&eacute;m procesu budete informov&aacute;ni p\u0159es e-mail a sms.&nbsp;<span class=\"red\">Doba doru\u010den&iacute;&nbsp;jsou&nbsp;<strong>1-3 pracovn&iacute; dny.<\/strong><\/span><\/div><\/div><\/div><\/div><\/div><\/div><\/div>\n","protected":false},"excerpt":{"rendered":"<p>Doprava Z\u00e1silkovna Cena 49 K\u010d. Z&aacute;silkovna doru\u010d&iacute; bal&iacute;k na nejbli\u017e&scaron;&iacute; pobo\u010dku v&aacute;mi zvolen&eacute; adresy. O cel&eacute;m procesu budete informov&aacute;ni p\u0159es e-mail a sms.&nbsp;Doba doru\u010den&iacute;&nbsp;jsou&nbsp;1-3 pracovn&iacute; dny.<\/p>\n","protected":false},"author":1,"featured_media":0,"parent":0,"menu_order":0,"comment_status":"closed","ping_status":"closed","template":"template-blank-4.php","meta":{"footnotes":""},"class_list":["post-112","page","type-page","status-publish","hentry","no-post-thumbnail"],"_links":{"self":[{"href":"https:\/\/www.zigacekjan.cz\/index.php\/wp-json\/wp\/v2\/pages\/112","targetHints":{"allow":["GET"]}}],"collection":[{"href":"https:\/\/www.zigacekjan.cz\/index.php\/wp-json\/wp\/v2\/pages"}],"about":[{"href":"https:\/\/www.zigacekjan.cz\/index.php\/wp-json\/wp\/v2\/types\/page"}],"author":[{"embeddable":true,"href":"https:\/\/www.zigacekjan.cz\/index.php\/wp-json\/wp\/v2\/users\/1"}],"replies":[{"embeddable":true,"href":"https:\/\/www.zigacekjan.cz\/index.php\/wp-json\/wp\/v2\/comments?post=112"}],"version-history":[{"count":2,"href":"https:\/\/www.zigacekjan.cz\/index.php\/wp-json\/wp\/v2\/pages\/112\/revisions"}],"predecessor-version":[{"id":114,"href":"https:\/\/www.zigacekjan.cz\/index.php\/wp-json\/wp\/v2\/pages\/112\/revisions\/114"}],"wp:attachment":[{"href":"https:\/\/www.zigacekjan.cz\/index.php\/wp-json\/wp\/v2\/media?parent=112"}],"curies":[{"name":"wp","href":"https:\/\/api.w.org\/{rel}","templated":true}]}}