{"id":115,"date":"2025-03-09T07:51:15","date_gmt":"2025-03-09T06:51:15","guid":{"rendered":"https:\/\/shop.zigacekjan.cz\/?page_id=115"},"modified":"2025-03-09T07:55:45","modified_gmt":"2025-03-09T06:55:45","slug":"platby","status":"publish","type":"page","link":"https:\/\/www.zigacekjan.cz\/index.php\/platby\/","title":{"rendered":"Platby"},"content":{"rendered":"<div id=\"cs-content\" class=\"cs-content\"><div class=\"x-section e115-e1 m37-0\"><div class=\"x-row x-container max width e115-e2 m37-1 m37-2\"><div class=\"x-row-inner\"><div class=\"x-col e115-e3 m37-3\"><div class=\"x-text x-text-headline e115-e4 m37-4 m37-5\"><div class=\"x-text-content\"><div class=\"x-text-content-text\"><h1 class=\"x-text-content-text-primary\">Platba<\/h1>\n<\/div><\/div><\/div><div class=\"x-text x-text-headline e115-e5 m37-4 m37-6\"><div class=\"x-text-content\"><div class=\"x-text-content-text\"><h2 class=\"x-text-content-text-primary\">Mo\u017enosti placen&iacute;<\/h2>\n<\/div><\/div><\/div><div class=\"x-text x-content e115-e6 m37-7\"><div class=\"row-main in-viewport\">\n<div class=\"col col-1-12 grid-12-12\">\n<div class=\"block block-inline\" data-lb=\"region\" data-lb-id=\"sections.0.rows.4.columns.0.regions.0\">&nbsp;<\/div>\n<\/div>\n<\/div>\n<div class=\"row-main in-viewport\">\n<div class=\"col col-1-12 grid-12-12\">\n<div class=\"block block-inline\" data-lb=\"region\" data-lb-id=\"sections.0.rows.5.columns.0.regions.0\">\n<p>Online platby pro n&aacute;s zaji&scaron;\u0165uje&nbsp;<a href=\"https:\/\/www.comgate.cz\/cz\/platebni-brana?utm_source=eshop&amp;utm_medium=strankyplatba&amp;utm_campaign=2020\">p<\/a><a href=\"https:\/\/www.comgate.cz\/cz\/platebni-brana?utm_source=eshop&amp;utm_medium=strankyplatba&amp;utm_campaign=2020\" target=\"_blank\" rel=\"noopener noreferrer\">latebn&iacute; br&aacute;na Stripe<\/a>. Poskytovatel slu\u017eby, spole\u010dnost ComGate Payments, a.s., je licencovan&aacute; Platebn&iacute; instituce p\u016fsob&iacute;c&iacute; pod dohledem \u010cesk&eacute; n&aacute;rodn&iacute; banky. Platby prob&iacute;haj&iacute;c&iacute; skrze platebn&iacute; br&aacute;nu jsou pln\u011b zabezpe\u010deny a ve&scaron;ker&eacute; informace jsou &scaron;ifrov&aacute;ny.<\/p>\n<\/div>\n<\/div>\n<\/div><\/div><div class=\"x-text x-text-headline e115-e7 m37-4 m37-6\"><div class=\"x-text-content\"><div class=\"x-text-content-text\"><h2 class=\"x-text-content-text-primary\">Platba kartou<\/h2>\n<\/div><\/div><\/div><div class=\"x-text x-content e115-e8 m37-7\"><div class=\"row-main in-viewport\">\n<div class=\"col col-1-12 grid-12-12\">&nbsp;<\/div>\n<\/div>\n<div class=\"row-main in-viewport\">\n<div class=\"col col-1-12 grid-12-12\">\n<div class=\"block block-inline\" data-lb=\"region\" data-lb-id=\"sections.0.rows.5.columns.0.regions.0\">\n<p>Nejrychlej&scaron;&iacute; zp\u016fsob zaplacen&iacute; online. Do rozhran&iacute; platebn&iacute; br&aacute;ny ComGate zad&aacute;te \u010d&iacute;slo karty, datum platnosti a CVC k&oacute;d &ndash;&nbsp;t\u0159i \u010d&iacute;sla, kter&aacute; najdete v podpisov&eacute;m prou\u017eku na zadn&iacute; stran\u011b karty. V&scaron;e je zabezpe\u010deno standardem 3D Secure, a tak budete nejsp&iacute;&scaron; po\u017e&aacute;d&aacute;ni o zad&aacute;n&iacute; \u010d&iacute;seln&eacute;ho k&oacute;du, kter&yacute; obdr\u017e&iacute;te SMSkou od sv&eacute; banky.<\/p>\n<\/div>\n<\/div>\n<\/div>\n<div class=\"row-main in-viewport\">\n<div class=\"col col-1-12 grid-12-12\">\n<div class=\"block block-image\" data-lb=\"region\" data-lb-id=\"sections.0.rows.6.columns.0.regions.0\">\n<div class=\"image image-width-original\"><img decoding=\"async\" class=\" is-loaded\" src=\"https:\/\/www.comgate.cz\/files\/comgate-karetni-loga.png\" data-src=\"https:\/\/www.comgate.cz\/files\/comgate-karetni-loga.png\" \/><\/div>\n<\/div>\n<\/div>\n<\/div><\/div><div class=\"x-text x-text-headline e115-e9 m37-4 m37-6\"><div class=\"x-text-content\"><div class=\"x-text-content-text\"><h2 class=\"x-text-content-text-primary\">Platba bankovn&iacute;m p\u0159evodem<\/h2>\n<\/div><\/div><\/div><div class=\"x-text x-content e115-e10 m37-7\"><div class=\"row-main in-viewport\">\n<div class=\"col col-1-12 grid-12-12\">&nbsp;<\/div>\n<\/div>\n<div class=\"row-main in-viewport\">\n<div class=\"col col-1-12 grid-12-12\">\n<div class=\"block block-inline\" data-lb=\"region\" data-lb-id=\"sections.0.rows.7.columns.0.regions.0\">\n<p>Okam\u017eit&aacute; platba prost\u0159ednictv&iacute;m internetov&eacute;ho bankovnictv&iacute;. Platebn&iacute; br&aacute;na ComGate v&aacute;s p\u0159esm\u011bruje do va&scaron;eho internetov&eacute;ho bankovnictv&iacute;, kam se p\u0159ihl&aacute;s&iacute;te jako obvykle a zde potvrd&iacute;te u\u017e p\u0159ipraven&yacute; platebn&iacute; p\u0159&iacute;kaz.&nbsp;<\/p>\n<\/div>\n<\/div>\n<\/div>\n<div class=\"row-main in-viewport\">\n<div class=\"col col-1-12 grid-12-12\">\n<div class=\"block block-image\" data-lb=\"region\" data-lb-id=\"sections.0.rows.8.columns.0.regions.0\">\n<div class=\"image image-width-original\"><img decoding=\"async\" class=\" is-loaded\" src=\"https:\/\/www.comgate.cz\/files\/platebni-brana-comgate-banky-cz.png\" data-src=\"https:\/\/www.comgate.cz\/files\/platebni-brana-comgate-banky-cz.png\" \/><\/div>\n<\/div>\n<\/div>\n<\/div>\n<div class=\"row-main in-viewport\">\n<div class=\"col col-1-12 grid-12-12\">\n<div class=\"block block-inline\" data-lb=\"region\" data-lb-id=\"sections.0.rows.9.columns.0.regions.0\">\n<p>Po dokon\u010den&iacute; platby budete p\u0159esm\u011brov&aacute;ni&nbsp;zp\u011bt do obchodu. Platba je potvrzena okam\u017eit\u011b,&nbsp;budeme bez odkladu pokra\u010dovat v realizaci objedn&aacute;vky.<\/p>\n<\/div>\n<\/div>\n<\/div><\/div><\/div><\/div><\/div><\/div><\/div>\n","protected":false},"excerpt":{"rendered":"<p>Platba Mo\u017enosti placen&iacute; &nbsp; Online platby pro n&aacute;s zaji&scaron;\u0165uje&nbsp;platebn&iacute; br&aacute;na Stripe. Poskytovatel slu\u017eby, spole\u010dnost ComGate Payments, a.s., je licencovan&aacute; Platebn&iacute; instituce p\u016fsob&iacute;c&iacute; pod dohledem \u010cesk&eacute; n&aacute;rodn&iacute; banky. Platby prob&iacute;haj&iacute;c&iacute; skrze platebn&iacute; br&aacute;nu jsou pln\u011b zabezpe\u010deny a ve&scaron;ker&eacute; informace jsou &scaron;ifrov&aacute;ny. Platba kartou &nbsp; Nejrychlej&scaron;&iacute; zp\u016fsob zaplacen&iacute; online. Do rozhran&iacute; platebn&iacute; br&aacute;ny ComGate zad&aacute;te \u010d&iacute;slo karty, datum platnosti a CVC k&oacute;d &#8230; <\/p>\n<div><a href=\"https:\/\/www.zigacekjan.cz\/index.php\/platby\/\" class=\"more-link\">Read More<\/a><\/div>\n","protected":false},"author":1,"featured_media":0,"parent":0,"menu_order":0,"comment_status":"closed","ping_status":"closed","template":"template-blank-4.php","meta":{"footnotes":""},"class_list":["post-115","page","type-page","status-publish","hentry","no-post-thumbnail"],"_links":{"self":[{"href":"https:\/\/www.zigacekjan.cz\/index.php\/wp-json\/wp\/v2\/pages\/115","targetHints":{"allow":["GET"]}}],"collection":[{"href":"https:\/\/www.zigacekjan.cz\/index.php\/wp-json\/wp\/v2\/pages"}],"about":[{"href":"https:\/\/www.zigacekjan.cz\/index.php\/wp-json\/wp\/v2\/types\/page"}],"author":[{"embeddable":true,"href":"https:\/\/www.zigacekjan.cz\/index.php\/wp-json\/wp\/v2\/users\/1"}],"replies":[{"embeddable":true,"href":"https:\/\/www.zigacekjan.cz\/index.php\/wp-json\/wp\/v2\/comments?post=115"}],"version-history":[{"count":3,"href":"https:\/\/www.zigacekjan.cz\/index.php\/wp-json\/wp\/v2\/pages\/115\/revisions"}],"predecessor-version":[{"id":118,"href":"https:\/\/www.zigacekjan.cz\/index.php\/wp-json\/wp\/v2\/pages\/115\/revisions\/118"}],"wp:attachment":[{"href":"https:\/\/www.zigacekjan.cz\/index.php\/wp-json\/wp\/v2\/media?parent=115"}],"curies":[{"name":"wp","href":"https:\/\/api.w.org\/{rel}","templated":true}]}}