{"id":2,"date":"2025-03-08T10:10:56","date_gmt":"2025-03-08T09:10:56","guid":{"rendered":"https:\/\/shop.zigacekjan.cz\/?page_id=2"},"modified":"2025-10-11T15:50:34","modified_gmt":"2025-10-11T13:50:34","slug":"zkusebni-stranka","status":"publish","type":"page","link":"https:\/\/www.zigacekjan.cz\/","title":{"rendered":"E-shop &#8211; Zigilab"},"content":{"rendered":"<div id=\"cs-content\" class=\"cs-content\"><div class=\"x-section e2-e1 m2-0 m2-1\"><div class=\"x-row x-container max width e2-e2 m2-4 m2-5 m2-6 m2-a m2-b\"><div class=\"x-row-inner\"><div class=\"x-col e2-e3 m2-i m2-j\"><div class=\"x-slide-container-viewport is-loading e2-e4 m2-q m2-r\" data-x-slide-container=\"{&quot;keyboardNavigation&quot;:true,&quot;autoplayStartInView&quot;:true,&quot;snap&quot;:true,&quot;scrollBySlide&quot;:true,&quot;direction&quot;:&quot;forward&quot;,&quot;startingSlide&quot;:1,&quot;autoplay&quot;:&quot;interval&quot;}\"><div class=\"x-slide-container-content\"><div class=\"x-slide-container is-inline is-paged\"><div class=\"x-slide e2-e5 m2-t m2-u\" data-x-slide=\"\"><div class=\"x-row e2-e6 m2-4 m2-6 m2-7 m2-a m2-c\"><div class=\"x-row-inner\"><div class=\"x-col e2-e7 m2-i m2-k m2-l m2-m\"><div class=\"x-text x-text-headline e2-e8 m2-w m2-x m2-y m2-z\"><div class=\"x-text-content\"><div class=\"x-text-content-text\"><h2 class=\"x-text-content-text-primary\">Vrha\u010d na kostky<\/h2>\n<\/div><\/div><\/div><div class=\"x-text x-content e2-e9 m2-14 m2-15\"><h6 class=\"x-text-content-text-primary\">kniha - Wizard<\/h6><\/div><div class=\"x-text x-content e2-e10 m2-14 m2-16\"><span>Nechte kostky padnout a kouzla za\u010dnou!<\/span><\/div><a class=\"x-anchor x-anchor-button e2-e11 m2-17\" tabindex=\"0\" href=\"https:\/\/www.zigacekjan.cz\/index.php\/kategorie-produktu\/deskove-tabletop-hry\/dt-knihy\/\"><div class=\"x-anchor-content\"><div class=\"x-anchor-text\"><span class=\"x-anchor-text-primary\">Objednat<\/span><\/div><\/div><\/a><\/div><div class=\"x-col e2-e12 m2-i m2-j\"><span class=\"x-image e2-e13 m2-18 m2-19\"><img decoding=\"async\" src=\"\" alt=\"Image\"><\/span><\/div><\/div><\/div><\/div><div class=\"x-slide e2-e14 m2-t m2-u\" data-x-slide=\"\"><div class=\"x-row e2-e15 m2-4 m2-6 m2-7 m2-a m2-d\"><div class=\"x-row-inner\"><div class=\"x-col e2-e16 m2-i m2-k m2-l m2-m\"><div class=\"x-text x-text-headline e2-e17 m2-w m2-x m2-y m2-z\"><div class=\"x-text-content\"><div class=\"x-text-content-text\"><h2 class=\"x-text-content-text-primary\">Vrha\u010d na kostky<\/h2>\n<\/div><\/div><\/div><div class=\"x-text x-content e2-e18 m2-14 m2-15\"><h6 class=\"x-text-content-text-primary\">kniha - Barbar<\/h6><\/div><div class=\"x-text x-content e2-e19 m2-14 m2-16\"><span>Sta\u010d\u00ed ho otev\u0159\u00edt a nechte kostky padat jako divok\u00fd \u0159ev do boje!<\/span><\/div><a class=\"x-anchor x-anchor-button e2-e20 m2-17\" tabindex=\"0\" href=\"https:\/\/www.zigacekjan.cz\/index.php\/kategorie-produktu\/deskove-tabletop-hry\/dt-knihy\/\"><div class=\"x-anchor-content\"><div class=\"x-anchor-text\"><span class=\"x-anchor-text-primary\">Objednat<\/span><\/div><\/div><\/a><\/div><div class=\"x-col e2-e21 m2-i m2-j\"><span class=\"x-image e2-e22 m2-18 m2-19\"><img decoding=\"async\" src=\"\" alt=\"Image\"><\/span><\/div><\/div><\/div><\/div><div class=\"x-slide e2-e23 m2-t m2-u\" data-x-slide=\"\"><div class=\"x-row e2-e24 m2-4 m2-6 m2-7 m2-a m2-e\"><div class=\"x-row-inner\"><div class=\"x-col e2-e25 m2-i m2-k m2-l m2-m\"><div class=\"x-text x-text-headline e2-e26 m2-w m2-x m2-y m2-z\"><div class=\"x-text-content\"><div class=\"x-text-content-text\"><h2 class=\"x-text-content-text-primary\">Vrha\u010d na kostky<\/h2>\n<\/div><\/div><\/div><div class=\"x-text x-content e2-e27 m2-14 m2-15\"><h6 class=\"x-text-content-text-primary\">kniha - Paladin<\/h6><\/div><div class=\"x-text x-content e2-e28 m2-14 m2-16\"><span>Ka\u017ed\u00fd hod je napln\u011bn ctnost\u00ed a spravedlnost\u00ed \u2013 a s n\u00edm i va\u0161e v\u00edt\u011bzstv\u00ed.<\/span><\/div><a class=\"x-anchor x-anchor-button e2-e29 m2-17\" tabindex=\"0\" href=\"https:\/\/www.zigacekjan.cz\/index.php\/kategorie-produktu\/deskove-tabletop-hry\/dt-knihy\/\"><div class=\"x-anchor-content\"><div class=\"x-anchor-text\"><span class=\"x-anchor-text-primary\">Objednat<\/span><\/div><\/div><\/a><\/div><div class=\"x-col e2-e30 m2-i m2-j\"><span class=\"x-image e2-e31 m2-18 m2-19\"><img decoding=\"async\" src=\"\" alt=\"Image\"><\/span><\/div><\/div><\/div><\/div><\/div><\/div><\/div><ul class=\"x-slide-pagination is-row e2-e32 m2-1b\" data-x-slide-pagination=\"\"><\/ul><\/div><\/div><\/div><\/div><div class=\"x-section e2-e33 m2-0 m2-2\"><div class=\"x-row x-container max width e2-e34 m2-4 m2-5 m2-6 m2-8 m2-a m2-f\"><div class=\"x-row-inner\"><div class=\"x-col e2-e35 m2-i m2-k m2-m m2-n m2-o\"><div class=\"x-slide-container-viewport is-loading e2-e36 m2-q m2-s\" data-x-slide-container=\"{&quot;keyboardNavigation&quot;:true,&quot;snap&quot;:true,&quot;scrollBySlide&quot;:true,&quot;direction&quot;:&quot;forward&quot;,&quot;startingSlide&quot;:1}\"><div class=\"x-slide-container-content\"><div class=\"x-slide-container is-inline is-paged\"><div class=\"x-slide e2-e37 m2-t m2-v\" data-x-slide=\"\"><div class=\"x-row e2-e38 m2-4 m2-6 m2-7 m2-a m2-g\"><div class=\"x-row-inner\"><div class=\"x-col e2-e39 m2-i m2-j m2-k m2-n\"><div class=\"x-text x-text-headline e2-e40 m2-w m2-x m2-y m2-10 m2-11\"><div class=\"x-text-content\"><div class=\"x-text-content-text\"><h1 class=\"x-text-content-text-primary\">Nejobl&iacute;ben\u011bj&scaron;&iacute; produkty<\/h1>\n<\/div><\/div><\/div><\/div><div class=\"x-col e2-e41 m2-i m2-p\"><div class=\"x-row e2-e42 m2-4 m2-7 m2-9 m2-h\"><div class=\"x-row-inner\"><a class=\"x-col e2-e43 m2-i m2-j m2-3\" href=\"https:\/\/www.zigacekjan.cz\/index.php\/produkt\/vrhac-na-kostky-kniha-wizard\/\" data-x-effect-provider=\"colors particles effects\" data-x-effect=\"{&quot;durationBase&quot;:&quot;300ms&quot;}\"><span class=\"x-image e2-e44 m2-18 m2-1a\"><img decoding=\"async\" src=\"https:\/\/www.zigacekjan.cz\/wp-content\/uploads\/woocommerce-placeholder.webp\" alt=\"Image\" loading=\"lazy\"><\/span><div class=\"x-text x-text-headline e2-e45 m2-w m2-y m2-11 m2-12\"><div class=\"x-text-content\"><div class=\"x-text-content-text\"><h3 class=\"x-text-content-text-primary\">Vrha\u010d na kostky - kniha - Wizard<\/h3>\n<\/div><\/div><\/div><div class=\"x-text x-text-headline e2-e46 m2-w m2-12 m2-13\"><div class=\"x-text-content\"><div class=\"x-text-content-text\"><h3 class=\"x-text-content-text-primary\">899,00 K\u010d<\/h3>\n<\/div><\/div><\/div><\/a><a class=\"x-col e2-e43 m2-i m2-j m2-3\" href=\"https:\/\/www.zigacekjan.cz\/index.php\/produkt\/vrhac-na-kostky-kniha-warlock\/\" data-x-effect-provider=\"colors particles effects\" data-x-effect=\"{&quot;durationBase&quot;:&quot;300ms&quot;}\"><span class=\"x-image e2-e44 m2-18 m2-1a\"><img decoding=\"async\" src=\"https:\/\/www.zigacekjan.cz\/wp-content\/uploads\/woocommerce-placeholder.webp\" alt=\"Image\" loading=\"lazy\"><\/span><div class=\"x-text x-text-headline e2-e45 m2-w m2-y m2-11 m2-12\"><div class=\"x-text-content\"><div class=\"x-text-content-text\"><h3 class=\"x-text-content-text-primary\">Vrha\u010d na kostky - kniha - Warlock<\/h3>\n<\/div><\/div><\/div><div class=\"x-text x-text-headline e2-e46 m2-w m2-12 m2-13\"><div class=\"x-text-content\"><div class=\"x-text-content-text\"><h3 class=\"x-text-content-text-primary\">899,00 K\u010d<\/h3>\n<\/div><\/div><\/div><\/a><a class=\"x-col e2-e43 m2-i m2-j m2-3\" href=\"https:\/\/www.zigacekjan.cz\/index.php\/produkt\/vrhac-na-kostky-kniha-rogue\/\" data-x-effect-provider=\"colors particles effects\" data-x-effect=\"{&quot;durationBase&quot;:&quot;300ms&quot;}\"><span class=\"x-image e2-e44 m2-18 m2-1a\"><img decoding=\"async\" src=\"https:\/\/www.zigacekjan.cz\/wp-content\/uploads\/woocommerce-placeholder.webp\" alt=\"Image\" loading=\"lazy\"><\/span><div class=\"x-text x-text-headline e2-e45 m2-w m2-y m2-11 m2-12\"><div class=\"x-text-content\"><div class=\"x-text-content-text\"><h3 class=\"x-text-content-text-primary\">Vrha\u010d na kostky - kniha - Rogue<\/h3>\n<\/div><\/div><\/div><div class=\"x-text x-text-headline e2-e46 m2-w m2-12 m2-13\"><div class=\"x-text-content\"><div class=\"x-text-content-text\"><h3 class=\"x-text-content-text-primary\">899,00 K\u010d<\/h3>\n<\/div><\/div><\/div><\/a><a class=\"x-col e2-e43 m2-i m2-j m2-3\" href=\"https:\/\/www.zigacekjan.cz\/index.php\/produkt\/vrhac-na-kostky-kniha-barbar\/\" data-x-effect-provider=\"colors particles effects\" data-x-effect=\"{&quot;durationBase&quot;:&quot;300ms&quot;}\"><span class=\"x-image e2-e44 m2-18 m2-1a\"><img decoding=\"async\" src=\"https:\/\/www.zigacekjan.cz\/wp-content\/uploads\/woocommerce-placeholder.webp\" alt=\"Image\" loading=\"lazy\"><\/span><div class=\"x-text x-text-headline e2-e45 m2-w m2-y m2-11 m2-12\"><div class=\"x-text-content\"><div class=\"x-text-content-text\"><h3 class=\"x-text-content-text-primary\">Vrha\u010d na kostky - kniha - Barbar<\/h3>\n<\/div><\/div><\/div><div class=\"x-text x-text-headline e2-e46 m2-w m2-12 m2-13\"><div class=\"x-text-content\"><div class=\"x-text-content-text\"><h3 class=\"x-text-content-text-primary\">899,00 K\u010d<\/h3>\n<\/div><\/div><\/div><\/a><\/div><\/div><\/div><\/div><\/div><\/div><\/div><\/div><\/div><\/div><\/div><\/div><\/div><\/div>","protected":false},"excerpt":{"rendered":"<p>Vrha\u010d na kostky kniha &#8211; WizardNechte kostky padnout a kouzla za\u010dnou!ObjednatVrha\u010d na kostky kniha &#8211; BarbarSta\u010d\u00ed ho otev\u0159\u00edt a nechte kostky padat jako divok\u00fd \u0159ev do boje!ObjednatVrha\u010d na kostky kniha &#8211; PaladinKa\u017ed\u00fd hod je napln\u011bn ctnost\u00ed a spravedlnost\u00ed \u2013 a s n\u00edm i va\u0161e v\u00edt\u011bzstv\u00ed.ObjednatNejobl&iacute;ben\u011bj&scaron;&iacute; produkty Vrha\u010d na kostky &#8211; kniha &#8211; Wizard 899,00 K\u010d Vrha\u010d na kostky &#8211; kniha &#8230; <\/p>\n<div><a href=\"https:\/\/www.zigacekjan.cz\/\" class=\"more-link\">Read More<\/a><\/div>\n","protected":false},"author":1,"featured_media":0,"parent":0,"menu_order":0,"comment_status":"closed","ping_status":"open","template":"template-blank-4.php","meta":{"footnotes":""},"class_list":["post-2","page","type-page","status-publish","hentry","no-post-thumbnail"],"_links":{"self":[{"href":"https:\/\/www.zigacekjan.cz\/index.php\/wp-json\/wp\/v2\/pages\/2","targetHints":{"allow":["GET"]}}],"collection":[{"href":"https:\/\/www.zigacekjan.cz\/index.php\/wp-json\/wp\/v2\/pages"}],"about":[{"href":"https:\/\/www.zigacekjan.cz\/index.php\/wp-json\/wp\/v2\/types\/page"}],"author":[{"embeddable":true,"href":"https:\/\/www.zigacekjan.cz\/index.php\/wp-json\/wp\/v2\/users\/1"}],"replies":[{"embeddable":true,"href":"https:\/\/www.zigacekjan.cz\/index.php\/wp-json\/wp\/v2\/comments?post=2"}],"version-history":[{"count":29,"href":"https:\/\/www.zigacekjan.cz\/index.php\/wp-json\/wp\/v2\/pages\/2\/revisions"}],"predecessor-version":[{"id":690,"href":"https:\/\/www.zigacekjan.cz\/index.php\/wp-json\/wp\/v2\/pages\/2\/revisions\/690"}],"wp:attachment":[{"href":"https:\/\/www.zigacekjan.cz\/index.php\/wp-json\/wp\/v2\/media?parent=2"}],"curies":[{"name":"wp","href":"https:\/\/api.w.org\/{rel}","templated":true}]}}