{"id":480,"date":"2025-10-09T15:30:33","date_gmt":"2025-10-09T13:30:33","guid":{"rendered":"https:\/\/shop.zigilab.cz\/?post_type=product&#038;p=480"},"modified":"2025-10-21T23:11:46","modified_gmt":"2025-10-21T21:11:46","slug":"vrhac-na-kostky-kniha-barbar","status":"publish","type":"product","link":"https:\/\/www.zigacekjan.cz\/index.php\/produkt\/vrhac-na-kostky-kniha-barbar\/","title":{"rendered":"Vrha\u010d na kostky &#8211; kniha &#8211; Barbar"},"content":{"rendered":"<p>M\u00e1\u0161 na stole m\u00e1lo m\u00edsta, a kostky v\u00e1m furt padaj na zem? Ten jeden \u010dlov\u011bk \u0161vindluje, i kdy\u017e p\u0159\u00edsah\u00e1, \u017ee hraje f\u00e9r? Nebo chce\u0161 jen posunout svoje dal\u0161\u00ed <strong>DnD<\/strong> sezen\u00ed na vy\u0161\u0161\u00ed level? Na\u0161e custom dice towers\u2122 jsou ne jen super dekorac\u00ed, ale i u\u017eite\u010dn\u00e1 a z\u00e1bavn\u00e1 pom\u016fcka, kter\u00e1 zaru\u010den\u011b zpest\u0159\u00ed ka\u017edou hru!<\/p>\n<p><span style=\"font-weight: 400;\">Pro ty, kdo r\u00e1di \u0159e\u017eou cestu skrz nebezpe\u010d\u00ed \u2013 <strong>Barbar\u016fv Dice Tower<\/strong> je robustn\u00ed jako va\u0161e nezdoln\u00e1 s\u00edla. Sta\u010d\u00ed ho otev\u0159\u00edt a nechte kostky padat jako divok\u00fd \u0159ev do boje!<\/span><span style=\"font-weight: 400;\"><br \/>\n<\/span><\/p>\n<p>M\u016f\u017eete si vybrat ze dvou velikost\u00ed a ka\u017ed\u00fd dice tower m\u00e1 v sob\u011b vbudovan\u00fd \u00falo\u017en\u00fd prostor na jednoduch\u00e9 p\u0159en\u00e1\u0161en\u00ed tv\u00fdch obl\u00edben\u00fdch kostek z domova.<\/p>\n<p>Jedn\u00e1 se o dekoraci a ne hra\u010dku. Nevhodn\u00e9 pro\u00a0d\u011bti\u00a0do\u00a014\u00a0let.<br \/>\n<strong data-start=\"373\" data-end=\"401\">Bezpe\u010dnostn\u00ed upozorn\u011bn\u00ed:<\/strong> Tento v\u00fdrobek je ur\u010den pouze k dekorativn\u00edmu pou\u017eit\u00ed. Nejedn\u00e1 se o hra\u010dku ve smyslu sm\u011brnice 2009\/48\/ES o bezpe\u010dnosti hra\u010dek. Nen\u00ed ur\u010deno pro d\u011bti mlad\u0161\u00ed 14 let. Uchov\u00e1vejte mimo dosah d\u011bt\u00ed.<\/p>\n","protected":false},"excerpt":{"rendered":"<p><span style=\"font-weight: 400;\">Pro ty, kdo r\u00e1di \u0159e\u017eou cestu skrz nebezpe\u010d\u00ed \u2013 Barbar\u016fv Dice Tower je robustn\u00ed jako va\u0161e nezdoln\u00e1 s\u00edla. Sta\u010d\u00ed ho otev\u0159\u00edt a nechte kostky padat jako divok\u00fd \u0159ev do boje!<\/span><span style=\"font-weight: 400;\"><br \/>\n<\/span><\/p>\n","protected":false},"featured_media":0,"comment_status":"open","ping_status":"closed","template":"","meta":[],"product_brand":[],"product_cat":[21,26,25],"product_tag":[16],"class_list":{"0":"post-480","1":"product","2":"type-product","3":"status-publish","5":"product_cat-3d-tisk","6":"product_cat-dt","7":"product_cat-dt-knihy","8":"product_tag-nejoblibenejsi-produkty","9":"product_shipping_class-standardni-doprava","10":"no-post-thumbnail","12":"first","13":"onbackorder","14":"sale","15":"taxable","16":"shipping-taxable","17":"purchasable","18":"product-type-variable"},"_links":{"self":[{"href":"https:\/\/www.zigacekjan.cz\/index.php\/wp-json\/wp\/v2\/product\/480","targetHints":{"allow":["GET"]}}],"collection":[{"href":"https:\/\/www.zigacekjan.cz\/index.php\/wp-json\/wp\/v2\/product"}],"about":[{"href":"https:\/\/www.zigacekjan.cz\/index.php\/wp-json\/wp\/v2\/types\/product"}],"replies":[{"embeddable":true,"href":"https:\/\/www.zigacekjan.cz\/index.php\/wp-json\/wp\/v2\/comments?post=480"}],"wp:attachment":[{"href":"https:\/\/www.zigacekjan.cz\/index.php\/wp-json\/wp\/v2\/media?parent=480"}],"wp:term":[{"taxonomy":"product_brand","embeddable":true,"href":"https:\/\/www.zigacekjan.cz\/index.php\/wp-json\/wp\/v2\/product_brand?post=480"},{"taxonomy":"product_cat","embeddable":true,"href":"https:\/\/www.zigacekjan.cz\/index.php\/wp-json\/wp\/v2\/product_cat?post=480"},{"taxonomy":"product_tag","embeddable":true,"href":"https:\/\/www.zigacekjan.cz\/index.php\/wp-json\/wp\/v2\/product_tag?post=480"}],"curies":[{"name":"wp","href":"https:\/\/api.w.org\/{rel}","templated":true}]}}