{"id":599,"date":"2025-10-09T15:50:06","date_gmt":"2025-10-09T13:50:06","guid":{"rendered":"https:\/\/shop.zigilab.cz\/?post_type=product&#038;p=599"},"modified":"2025-10-11T15:57:05","modified_gmt":"2025-10-11T13:57:05","slug":"vrhac-na-kostky-kniha-rogue","status":"publish","type":"product","link":"https:\/\/www.zigacekjan.cz\/index.php\/produkt\/vrhac-na-kostky-kniha-rogue\/","title":{"rendered":"Vrha\u010d na kostky &#8211; kniha &#8211; Rogue"},"content":{"rendered":"<p>M\u00e1\u0161 na stole m\u00e1lo m\u00edsta, a kostky v\u00e1m furt padaj na zem? Ten jeden \u010dlov\u011bk \u0161vindluje, i kdy\u017e p\u0159\u00edsah\u00e1, \u017ee hraje f\u00e9r? Nebo chce\u0161 jen posunout svoje dal\u0161\u00ed <strong>DnD<\/strong> sezen\u00ed na vy\u0161\u0161\u00ed level? Na\u0161e custom dice towers\u2122 jsou ne jen super dekorac\u00ed, ale i u\u017eite\u010dn\u00e1 a z\u00e1bavn\u00e1 pom\u016fcka, kter\u00e1 zaru\u010den\u011b zpest\u0159\u00ed ka\u017edou hru!<\/p>\n<p><span style=\"font-weight: 400;\">Tajn\u00fd, zr\u00e1dn\u00fd a p\u0159ipraven\u00fd na cokoli. <strong>Rogue\u016fv Dice Tower<\/strong> v\u00e1m pom\u016f\u017ee hodit kostky se \u0161petkou rafinovanosti a \u0161vindlu, abyste dostali to, co chcete!<\/span><span style=\"font-weight: 400;\"><br \/>\n<\/span><\/p>\n<p>M\u016f\u017eete si vybrat ze dvou velikost\u00ed a ka\u017ed\u00fd dice tower m\u00e1 v sob\u011b vbudovan\u00fd \u00falo\u017en\u00fd prostor na jednoduch\u00e9 p\u0159en\u00e1\u0161en\u00ed tv\u00fdch obl\u00edben\u00fdch kostek z domova.<\/p>\n<p>Jedn\u00e1 se o dekoraci a ne hra\u010dku. Nevhodn\u00e9 pro\u00a0d\u011bti\u00a0do\u00a014\u00a0let.<br \/>\n<strong data-start=\"373\" data-end=\"401\">Bezpe\u010dnostn\u00ed upozorn\u011bn\u00ed:<\/strong> Tento v\u00fdrobek je ur\u010den pouze k dekorativn\u00edmu pou\u017eit\u00ed. Nejedn\u00e1 se o hra\u010dku ve smyslu sm\u011brnice 2009\/48\/ES o bezpe\u010dnosti hra\u010dek. Nen\u00ed ur\u010deno pro d\u011bti mlad\u0161\u00ed 14 let. Uchov\u00e1vejte mimo dosah d\u011bt\u00ed.<\/p>\n","protected":false},"excerpt":{"rendered":"<p><span style=\"font-weight: 400;\">Tajn\u00fd, zr\u00e1dn\u00fd a p\u0159ipraven\u00fd na cokoli. Rogue\u016fv Dice Tower v\u00e1m pom\u016f\u017ee hodit kostky se \u0161petkou rafinovanosti a \u0161vindlu, abyste dostali to, co chcete!<\/span><span style=\"font-weight: 400;\"><br \/>\n<\/span><\/p>\n","protected":false},"featured_media":0,"comment_status":"open","ping_status":"closed","template":"","meta":[],"product_brand":[],"product_cat":[21,26,25],"product_tag":[16],"class_list":{"0":"post-599","1":"product","2":"type-product","3":"status-publish","5":"product_cat-3d-tisk","6":"product_cat-dt","7":"product_cat-dt-knihy","8":"product_tag-nejoblibenejsi-produkty","9":"no-post-thumbnail","11":"first","12":"onbackorder","13":"sale","14":"taxable","15":"shipping-taxable","16":"purchasable","17":"product-type-variable"},"_links":{"self":[{"href":"https:\/\/www.zigacekjan.cz\/index.php\/wp-json\/wp\/v2\/product\/599","targetHints":{"allow":["GET"]}}],"collection":[{"href":"https:\/\/www.zigacekjan.cz\/index.php\/wp-json\/wp\/v2\/product"}],"about":[{"href":"https:\/\/www.zigacekjan.cz\/index.php\/wp-json\/wp\/v2\/types\/product"}],"replies":[{"embeddable":true,"href":"https:\/\/www.zigacekjan.cz\/index.php\/wp-json\/wp\/v2\/comments?post=599"}],"wp:attachment":[{"href":"https:\/\/www.zigacekjan.cz\/index.php\/wp-json\/wp\/v2\/media?parent=599"}],"wp:term":[{"taxonomy":"product_brand","embeddable":true,"href":"https:\/\/www.zigacekjan.cz\/index.php\/wp-json\/wp\/v2\/product_brand?post=599"},{"taxonomy":"product_cat","embeddable":true,"href":"https:\/\/www.zigacekjan.cz\/index.php\/wp-json\/wp\/v2\/product_cat?post=599"},{"taxonomy":"product_tag","embeddable":true,"href":"https:\/\/www.zigacekjan.cz\/index.php\/wp-json\/wp\/v2\/product_tag?post=599"}],"curies":[{"name":"wp","href":"https:\/\/api.w.org\/{rel}","templated":true}]}}