{"id":720,"date":"2025-10-22T09:56:15","date_gmt":"2025-10-22T07:56:15","guid":{"rendered":"https:\/\/shop.zigilab.cz\/?post_type=product&#038;p=720"},"modified":"2025-10-22T09:57:27","modified_gmt":"2025-10-22T07:57:27","slug":"vrhac-na-kostky-drak-ve-vezi","status":"publish","type":"product","link":"https:\/\/www.zigacekjan.cz\/index.php\/produkt\/vrhac-na-kostky-drak-ve-vezi\/","title":{"rendered":"Vrha\u010d na kostky &#8211; Drak ve v\u011b\u017ei"},"content":{"rendered":"<p><span style=\"font-weight: 400\">M\u00e1\u0161 na stole m\u00e1lo m\u00edsta, a kostky v\u00e1m furt padaj na zem? Ten jeden \u010dlov\u011bk \u0161vindluje, i kdy\u017e p\u0159\u00edsah\u00e1, \u017ee hraje f\u00e9r? Nebo chce\u0161 jen posunout svoje dal\u0161\u00ed DnD sezen\u00ed na vy\u0161\u0161\u00ed level? Na\u0161e custom dice towers jsou ne jen super dekorac\u00ed, ale i u\u017eite\u010dn\u00e1 a z\u00e1bavn\u00e1 pom\u016fcka, kter\u00e1 zaru\u010den\u011b zpest\u0159\u00ed ka\u017edou hru!\u00a0<\/span><\/p>\n<p><span style=\"font-weight: 400\">Je jasn\u00e9 \u017ee hody kostkami, kter\u00e9 ovlivn\u00ed osudy tv\u00fdch hrdin\u016f nechce\u0161 ponechat n\u00e1hod\u011b. Pro\u010d je teda nenechat pod dohledem l\u00edt\u00e9 san\u011b?<\/span><\/p>\n<p><span style=\"font-weight: 400\">Vyu\u017eit\u00fd materi\u00e1l: PLA<\/span><\/p>\n<p><span style=\"font-weight: 400\">Bezpe\u010dnostn\u00ed upozorn\u011bn\u00ed: Tento v\u00fdrobek je ur\u010den pouze k dekorativn\u00edmu pou\u017eit\u00ed. Nejedn\u00e1 se o hra\u010dku ve smyslu sm\u011brnice 2009\/48\/ES o bezpe\u010dnosti hra\u010dek. Nen\u00ed ur\u010deno pro d\u011bti mlad\u0161\u00ed 14 let. Uchov\u00e1vejte mimo dosah d\u011bt\u00ed.<\/span><\/p>\n","protected":false},"excerpt":{"rendered":"<p><span style=\"font-weight: 400\">Je jasn\u00e9 \u017ee hody kostkami, kter\u00e9 ovlivn\u00ed osudy tv\u00fdch hrdin\u016f nechce\u0161 ponechat n\u00e1hod\u011b. Pro\u010d je teda nenechat pod dohledem l\u00edt\u00e9 san\u011b?<\/span><\/p>\n","protected":false},"featured_media":698,"comment_status":"open","ping_status":"closed","template":"","meta":[],"product_brand":[],"product_cat":[21,26],"product_tag":[],"class_list":{"0":"post-720","1":"product","2":"type-product","3":"status-publish","4":"has-post-thumbnail","6":"product_cat-3d-tisk","7":"product_cat-dt","10":"first","11":"onbackorder","12":"taxable","13":"shipping-taxable","14":"product-type-variable"},"_links":{"self":[{"href":"https:\/\/www.zigacekjan.cz\/index.php\/wp-json\/wp\/v2\/product\/720","targetHints":{"allow":["GET"]}}],"collection":[{"href":"https:\/\/www.zigacekjan.cz\/index.php\/wp-json\/wp\/v2\/product"}],"about":[{"href":"https:\/\/www.zigacekjan.cz\/index.php\/wp-json\/wp\/v2\/types\/product"}],"replies":[{"embeddable":true,"href":"https:\/\/www.zigacekjan.cz\/index.php\/wp-json\/wp\/v2\/comments?post=720"}],"wp:featuredmedia":[{"embeddable":true,"href":"https:\/\/www.zigacekjan.cz\/index.php\/wp-json\/wp\/v2\/media\/698"}],"wp:attachment":[{"href":"https:\/\/www.zigacekjan.cz\/index.php\/wp-json\/wp\/v2\/media?parent=720"}],"wp:term":[{"taxonomy":"product_brand","embeddable":true,"href":"https:\/\/www.zigacekjan.cz\/index.php\/wp-json\/wp\/v2\/product_brand?post=720"},{"taxonomy":"product_cat","embeddable":true,"href":"https:\/\/www.zigacekjan.cz\/index.php\/wp-json\/wp\/v2\/product_cat?post=720"},{"taxonomy":"product_tag","embeddable":true,"href":"https:\/\/www.zigacekjan.cz\/index.php\/wp-json\/wp\/v2\/product_tag?post=720"}],"curies":[{"name":"wp","href":"https:\/\/api.w.org\/{rel}","templated":true}]}}