{"id":741,"date":"2025-10-22T10:06:50","date_gmt":"2025-10-22T08:06:50","guid":{"rendered":"https:\/\/shop.zigilab.cz\/?post_type=product&#038;p=741"},"modified":"2025-10-22T10:07:18","modified_gmt":"2025-10-22T08:07:18","slug":"vrhac-na-kostky-drak","status":"publish","type":"product","link":"https:\/\/www.zigacekjan.cz\/index.php\/produkt\/vrhac-na-kostky-drak\/","title":{"rendered":"Vrha\u010d na kostky &#8211; Drak"},"content":{"rendered":"<p><span style=\"font-weight: 400\">M\u00e1\u0161 na stole m\u00e1lo m\u00edsta, a kostky v\u00e1m furt padaj na zem? Ten jeden \u010dlov\u011bk \u0161vindluje, i kdy\u017e p\u0159\u00edsah\u00e1, \u017ee hraje f\u00e9r? Nebo chce\u0161 jen posunout svoje dal\u0161\u00ed DnD sezen\u00ed na vy\u0161\u0161\u00ed level? Na\u0161e custom dice towers jsou ne jen super dekorac\u00ed, ale i u\u017eite\u010dn\u00e1 a z\u00e1bavn\u00e1 pom\u016fcka, kter\u00e1 zaru\u010den\u011b zpest\u0159\u00ed ka\u017edou hru!\u00a0<\/span><\/p>\n<p><span style=\"font-weight: 400\">Mlad\u00e9 panny nen\u00ed strava na kter\u00e9 si nejv\u00edc pochutn\u00e1 tenhle drak. Zkus ho nakrmit p\u00e1rem kostek, a uvid\u00ed\u0161 co se stane.<\/span><\/p>\n<p><span style=\"font-weight: 400\">Vyu\u017eit\u00fd materi\u00e1l: PLA<\/span><\/p>\n<p><span style=\"font-weight: 400\">Bezpe\u010dnostn\u00ed upozorn\u011bn\u00ed: Tento v\u00fdrobek je ur\u010den pouze k dekorativn\u00edmu pou\u017eit\u00ed. Nejedn\u00e1 se o hra\u010dku ve smyslu sm\u011brnice 2009\/48\/ES o bezpe\u010dnosti hra\u010dek. Nen\u00ed ur\u010deno pro d\u011bti mlad\u0161\u00ed 14 let. Uchov\u00e1vejte mimo dosah d\u011bt\u00ed.<\/span><\/p>\n","protected":false},"excerpt":{"rendered":"<p><span style=\"font-weight: 400\">Mlad\u00e9 panny nen\u00ed strava na kter\u00e9 si nejv\u00edc pochutn\u00e1 tenhle drak. Zkus ho nakrmit p\u00e1rem kostek, a uvid\u00ed\u0161 co se stane.<\/span><\/p>\n","protected":false},"featured_media":706,"comment_status":"open","ping_status":"closed","template":"","meta":[],"product_brand":[],"product_cat":[21,26],"product_tag":[],"class_list":{"0":"post-741","1":"product","2":"type-product","3":"status-publish","4":"has-post-thumbnail","6":"product_cat-3d-tisk","7":"product_cat-dt","10":"first","11":"onbackorder","12":"taxable","13":"shipping-taxable","14":"product-type-variable"},"_links":{"self":[{"href":"https:\/\/www.zigacekjan.cz\/index.php\/wp-json\/wp\/v2\/product\/741","targetHints":{"allow":["GET"]}}],"collection":[{"href":"https:\/\/www.zigacekjan.cz\/index.php\/wp-json\/wp\/v2\/product"}],"about":[{"href":"https:\/\/www.zigacekjan.cz\/index.php\/wp-json\/wp\/v2\/types\/product"}],"replies":[{"embeddable":true,"href":"https:\/\/www.zigacekjan.cz\/index.php\/wp-json\/wp\/v2\/comments?post=741"}],"wp:featuredmedia":[{"embeddable":true,"href":"https:\/\/www.zigacekjan.cz\/index.php\/wp-json\/wp\/v2\/media\/706"}],"wp:attachment":[{"href":"https:\/\/www.zigacekjan.cz\/index.php\/wp-json\/wp\/v2\/media?parent=741"}],"wp:term":[{"taxonomy":"product_brand","embeddable":true,"href":"https:\/\/www.zigacekjan.cz\/index.php\/wp-json\/wp\/v2\/product_brand?post=741"},{"taxonomy":"product_cat","embeddable":true,"href":"https:\/\/www.zigacekjan.cz\/index.php\/wp-json\/wp\/v2\/product_cat?post=741"},{"taxonomy":"product_tag","embeddable":true,"href":"https:\/\/www.zigacekjan.cz\/index.php\/wp-json\/wp\/v2\/product_tag?post=741"}],"curies":[{"name":"wp","href":"https:\/\/api.w.org\/{rel}","templated":true}]}}